{"id":41,"date":"2021-10-18T20:51:38","date_gmt":"2021-10-18T20:51:38","guid":{"rendered":"https:\/\/kits.themecy.com\/memberships-2\/?page_id=41"},"modified":"2025-01-25T19:42:23","modified_gmt":"2025-01-25T18:42:23","slug":"contact","status":"publish","type":"page","link":"https:\/\/the1001.fr\/index.php\/contact\/","title":{"rendered":"Contact"},"content":{"rendered":"<style>.kb-row-layout-id41_73de68-67 > .kt-row-column-wrap{align-content:start;}:where(.kb-row-layout-id41_73de68-67 > .kt-row-column-wrap) > .wp-block-kadence-column{justify-content:start;}.kb-row-layout-id41_73de68-67 > .kt-row-column-wrap{column-gap:80px;row-gap:var(--global-kb-gap-md, 2rem);max-width:var( --global-content-width, 1290px );padding-left:var(--global-content-edge-padding);padding-right:var(--global-content-edge-padding);padding-top:80px;padding-bottom:80px;grid-template-columns:repeat(2, minmax(0, 1fr));}.kb-row-layout-id41_73de68-67{background-image:url('https:\/\/the1001.fr\/wp-content\/uploads\/2021\/10\/lines.jpeg');background-size:cover;background-position:center center;background-attachment:scroll;background-repeat:no-repeat;}.kb-row-layout-id41_73de68-67 > .kt-row-layout-overlay{opacity:0.50;background-color:var(--global-palette9, #ffffff);}@media all and (max-width: 1024px){.kb-row-layout-id41_73de68-67 > .kt-row-column-wrap{grid-template-columns:repeat(2, minmax(0, 1fr));}}@media all and (max-width: 767px){.kb-row-layout-id41_73de68-67 > .kt-row-column-wrap{grid-template-columns:minmax(0, 1fr);}}<\/style><div class=\"kb-row-layout-wrap kb-row-layout-id41_73de68-67 alignnone kt-row-has-bg wp-block-kadence-rowlayout\"><div class=\"kt-row-layout-overlay kt-row-overlay-normal\"><\/div><div class=\"kt-row-column-wrap kt-has-2-columns kt-row-layout-equal kt-tab-layout-inherit kt-mobile-layout-row kt-row-valign-top kb-theme-content-width\">\n<style>.kadence-column41_260cae-98 > .kt-inside-inner-col,.kadence-column41_260cae-98 > .kt-inside-inner-col:before{border-top-left-radius:0px;border-top-right-radius:0px;border-bottom-right-radius:0px;border-bottom-left-radius:0px;}.kadence-column41_260cae-98 > .kt-inside-inner-col{column-gap:var(--global-kb-gap-sm, 1rem);}.kadence-column41_260cae-98 > .kt-inside-inner-col{flex-direction:column;}.kadence-column41_260cae-98 > .kt-inside-inner-col > .aligncenter{width:100%;}.kadence-column41_260cae-98 > .kt-inside-inner-col:before{opacity:0.3;}.kadence-column41_260cae-98{position:relative;}@media all and (max-width: 1024px){.kadence-column41_260cae-98 > .kt-inside-inner-col{flex-direction:column;}}@media all and (max-width: 767px){.kadence-column41_260cae-98 > .kt-inside-inner-col{flex-direction:column;}}<\/style>\n<div class=\"wp-block-kadence-column kadence-column41_260cae-98 inner-column-1\"><div class=\"kt-inside-inner-col\"><style>.wp-block-kadence-advancedheading.kt-adv-heading41_4ba974-be, .wp-block-kadence-advancedheading.kt-adv-heading41_4ba974-be[data-kb-block=\"kb-adv-heading41_4ba974-be\"]{padding-top:20px;padding-bottom:20px;font-size:var(--global-kb-font-size-md, 1.25rem);font-style:normal;}.wp-block-kadence-advancedheading.kt-adv-heading41_4ba974-be mark.kt-highlight, .wp-block-kadence-advancedheading.kt-adv-heading41_4ba974-be[data-kb-block=\"kb-adv-heading41_4ba974-be\"] mark.kt-highlight{font-style:normal;color:#f76a0c;-webkit-box-decoration-break:clone;box-decoration-break:clone;padding-top:0px;padding-right:0px;padding-bottom:0px;padding-left:0px;}<\/style>\n<h2 class=\"kt-adv-heading41_4ba974-be wp-block-kadence-advancedheading has-theme-palette-3-color has-text-color\" data-kb-block=\"kb-adv-heading41_4ba974-be\">VOUS AVEZ UNE QUESTION ?<br>ContactEZ-NOUS !<\/h2>\n\n<style>.wp-block-kadence-advancedheading.kt-adv-heading41_8ccb32-c5, .wp-block-kadence-advancedheading.kt-adv-heading41_8ccb32-c5[data-kb-block=\"kb-adv-heading41_8ccb32-c5\"]{font-size:var(--global-kb-font-size-md, 1.25rem);font-weight:400;font-style:normal;font-family:Montserrat;}.wp-block-kadence-advancedheading.kt-adv-heading41_8ccb32-c5 mark.kt-highlight, .wp-block-kadence-advancedheading.kt-adv-heading41_8ccb32-c5[data-kb-block=\"kb-adv-heading41_8ccb32-c5\"] mark.kt-highlight{font-style:normal;color:#f76a0c;-webkit-box-decoration-break:clone;box-decoration-break:clone;padding-top:0px;padding-right:0px;padding-bottom:0px;padding-left:0px;}<\/style>\n<p class=\"kt-adv-heading41_8ccb32-c5 wp-block-kadence-advancedheading has-theme-palette-4-color has-text-color\" data-kb-block=\"kb-adv-heading41_8ccb32-c5\">Vous avez des questions sur nos pi\u00e8ces ou besoin de conseils pour vos projets cr\u00e9atifs ? Nous sommes l\u00e0 pour vous aider ! Notre \u00e9quipe d\u00e9vou\u00e9e est \u00e0 votre disposition pour r\u00e9pondre \u00e0 toutes vos interrogations.<\/p>\n\n<style>.wp-block-kadence-icon.kt-svg-icons41_51d36c-3b{justify-content:flex-start;}<\/style>\n<div class=\"wp-block-kadence-icon kt-svg-icons kt-svg-icons41_51d36c-3b alignnone\"><style>.kt-svg-item-41_565916-0e .kb-svg-icon-wrap, .kt-svg-style-stacked.kt-svg-item-41_565916-0e .kb-svg-icon-wrap{color:var(--global-palette9, #ffffff);font-size:30px;background:var(--global-palette3, #1A202C);border-color:#444444;border-width:0px;border-radius:0%;padding-top:15px;padding-right:15px;padding-bottom:15px;padding-left:15px;}<\/style>\n<div class=\"wp-block-kadence-single-icon kt-svg-style-stacked kt-svg-icon-wrap kt-svg-item-41_565916-0e\"><span class=\"kb-svg-icon-wrap kb-svg-icon-fe_instagram\"><svg viewBox=\"0 0 24 24\"  fill=\"none\" stroke=\"currentColor\" stroke-width=\"2\" stroke-linecap=\"round\" stroke-linejoin=\"round\" xmlns=\"http:\/\/www.w3.org\/2000\/svg\"  aria-hidden=\"true\"><rect x=\"2\" y=\"2\" width=\"20\" height=\"20\" rx=\"5\" ry=\"5\"\/><path d=\"M16 11.37A4 4 0 1 1 12.63 8 4 4 0 0 1 16 11.37z\"\/><line x1=\"17.5\" y1=\"6.5\" x2=\"17.5\" y2=\"6.5\"\/><\/svg><\/span><\/div><\/div>\n\n<style>.wp-block-kadence-advancedheading.kt-adv-heading41_327439-81, .wp-block-kadence-advancedheading.kt-adv-heading41_327439-81[data-kb-block=\"kb-adv-heading41_327439-81\"]{font-style:normal;}.wp-block-kadence-advancedheading.kt-adv-heading41_327439-81 mark.kt-highlight, .wp-block-kadence-advancedheading.kt-adv-heading41_327439-81[data-kb-block=\"kb-adv-heading41_327439-81\"] mark.kt-highlight{font-style:normal;color:#f76a0c;-webkit-box-decoration-break:clone;box-decoration-break:clone;padding-top:0px;padding-right:0px;padding-bottom:0px;padding-left:0px;}<\/style>\n<h6 class=\"kt-adv-heading41_327439-81 wp-block-kadence-advancedheading\" data-kb-block=\"kb-adv-heading41_327439-81\">INSTAGRAM<\/h6>\n\n<style>.wp-block-kadence-advancedheading.kt-adv-heading41_b1bf51-b9, .wp-block-kadence-advancedheading.kt-adv-heading41_b1bf51-b9[data-kb-block=\"kb-adv-heading41_b1bf51-b9\"]{font-size:var(--global-kb-font-size-sm, 0.9rem);font-style:normal;}.wp-block-kadence-advancedheading.kt-adv-heading41_b1bf51-b9 mark.kt-highlight, .wp-block-kadence-advancedheading.kt-adv-heading41_b1bf51-b9[data-kb-block=\"kb-adv-heading41_b1bf51-b9\"] mark.kt-highlight{font-style:normal;color:#f76a0c;-webkit-box-decoration-break:clone;box-decoration-break:clone;padding-top:0px;padding-right:0px;padding-bottom:0px;padding-left:0px;}<\/style>\n<h5 class=\"kt-adv-heading41_b1bf51-b9 wp-block-kadence-advancedheading\" data-kb-block=\"kb-adv-heading41_b1bf51-b9\"><a href=\"http:\/\/www.instagram.fr\/1001.clo\"><strong>@1001.CLO<br><\/strong><\/a><\/h5>\n\n<p><\/p>\n\n<style>.wp-block-kadence-icon.kt-svg-icons41_5cc74f-a6{justify-content:flex-start;}<\/style>\n<div class=\"wp-block-kadence-icon kt-svg-icons kt-svg-icons41_5cc74f-a6 alignnone\"><style>.kt-svg-item-41_f91624-9d .kb-svg-icon-wrap, .kt-svg-style-stacked.kt-svg-item-41_f91624-9d .kb-svg-icon-wrap{color:var(--global-palette9, #ffffff);font-size:30px;background:var(--global-palette3, #1A202C);border-color:#444444;border-width:0px;border-radius:0%;padding-top:15px;padding-right:15px;padding-bottom:15px;padding-left:15px;}<\/style>\n<div class=\"wp-block-kadence-single-icon kt-svg-style-stacked kt-svg-icon-wrap kt-svg-item-41_f91624-9d\"><span class=\"kb-svg-icon-wrap kb-svg-icon-ic_closed\"><svg viewBox=\"0 0 8 8\"  fill=\"currentColor\" xmlns=\"http:\/\/www.w3.org\/2000\/svg\"  aria-hidden=\"true\"><path d=\"M0 0v1l4 2 4-2v-1h-8zm0 2v4h8v-4l-4 2-4-2z\" transform=\"translate(0 1)\"\/><\/svg><\/span><\/div><\/div>\n\n<style>.wp-block-kadence-advancedheading.kt-adv-heading41_ec7799-2b, .wp-block-kadence-advancedheading.kt-adv-heading41_ec7799-2b[data-kb-block=\"kb-adv-heading41_ec7799-2b\"]{font-style:normal;}.wp-block-kadence-advancedheading.kt-adv-heading41_ec7799-2b mark.kt-highlight, .wp-block-kadence-advancedheading.kt-adv-heading41_ec7799-2b[data-kb-block=\"kb-adv-heading41_ec7799-2b\"] mark.kt-highlight{font-style:normal;color:#f76a0c;-webkit-box-decoration-break:clone;box-decoration-break:clone;padding-top:0px;padding-right:0px;padding-bottom:0px;padding-left:0px;}<\/style>\n<h6 class=\"kt-adv-heading41_ec7799-2b wp-block-kadence-advancedheading\" data-kb-block=\"kb-adv-heading41_ec7799-2b\">Email<\/h6>\n\n<style>.wp-block-kadence-advancedheading.kt-adv-heading41_df324e-36, .wp-block-kadence-advancedheading.kt-adv-heading41_df324e-36[data-kb-block=\"kb-adv-heading41_df324e-36\"]{padding-top:10px;padding-bottom:60px;font-size:var(--global-kb-font-size-sm, 0.9rem);font-style:normal;}.wp-block-kadence-advancedheading.kt-adv-heading41_df324e-36 mark.kt-highlight, .wp-block-kadence-advancedheading.kt-adv-heading41_df324e-36[data-kb-block=\"kb-adv-heading41_df324e-36\"] mark.kt-highlight{font-style:normal;color:#f76a0c;-webkit-box-decoration-break:clone;box-decoration-break:clone;padding-top:0px;padding-right:0px;padding-bottom:0px;padding-left:0px;}@media all and (max-width: 767px){.wp-block-kadence-advancedheading.kt-adv-heading41_df324e-36, .wp-block-kadence-advancedheading.kt-adv-heading41_df324e-36[data-kb-block=\"kb-adv-heading41_df324e-36\"]{font-size:var(--global-kb-font-size-md, 1.25rem);}}<\/style>\n<h5 class=\"kt-adv-heading41_df324e-36 wp-block-kadence-advancedheading\" data-kb-block=\"kb-adv-heading41_df324e-36\"><strong>contact@THE1001.FR<br><\/strong><\/h5><\/div><\/div>\n\n<style>.kadence-column41_43d787-00 > .kt-inside-inner-col{padding-top:30px;padding-right:60px;padding-bottom:60px;padding-left:60px;}.kadence-column41_43d787-00 > .kt-inside-inner-col,.kadence-column41_43d787-00 > .kt-inside-inner-col:before{border-top-left-radius:32px;border-top-right-radius:32px;border-bottom-right-radius:32px;border-bottom-left-radius:32px;}.kadence-column41_43d787-00 > .kt-inside-inner-col{column-gap:var(--global-kb-gap-sm, 1rem);}.kadence-column41_43d787-00 > .kt-inside-inner-col{flex-direction:column;}.kadence-column41_43d787-00 > .kt-inside-inner-col > .aligncenter{width:100%;}.kadence-column41_43d787-00 > .kt-inside-inner-col{background-color:var(--global-palette3, #1A202C);}.kadence-column41_43d787-00 > .kt-inside-inner-col:before{opacity:0.3;}.kadence-column41_43d787-00{position:relative;}@media all and (max-width: 1024px){.kadence-column41_43d787-00 > .kt-inside-inner-col{flex-direction:column;}}@media all and (max-width: 767px){.kadence-column41_43d787-00 > .kt-inside-inner-col{padding-top:10px;padding-right:10px;padding-bottom:10px;padding-left:10px;flex-direction:column;}}<\/style>\n<div class=\"wp-block-kadence-column kadence-column41_43d787-00\"><div class=\"kt-inside-inner-col\"><style>.kadence-form-41_7ea539-25 .kb-form .kadence-blocks-form-field label .required{color:var(--global-palette1, #3182CE);}.kadence-form-41_7ea539-25 .kb-form .kadence-blocks-form-field .kb-text-style-field, .kadence-form-41_7ea539-25 .kb-form .kadence-blocks-form-field .kb-select-style-field{color:var(--global-palette9, #ffffff);background:var(--global-palette3, #1A202C);border-color:var(--global-palette4, #2D3748);}.kadence-form-41_7ea539-25 .kb-form .kadence-blocks-form-field > label{color:var(--global-palette9, #ffffff);font-size:14px;text-transform:uppercase;font-style:normal;font-weight:inherit;}.kadence-form-41_7ea539-25 .kb-form .kadence-blocks-form-field .kb-forms-submit{color:var(--global-palette9, #ffffff);border-radius:0px;background:var(--global-palette4, #2D3748);}.kadence-form-41_7ea539-25 .kb-form .kadence-blocks-form-field .kb-forms-submit:hover, .kadence-form-41_7ea539-25 .kb-form .kadence-blocks-form-field .kb-forms-submit:focus {background:#928a61;}.kadence-form-41_7ea539-25 .kb-form .kadence-blocks-form-field .kb-forms-submit{padding-top:15px;padding-right:0px;padding-bottom:15px;padding-left:0px;}.kadence-form-41_7ea539-25 .kb-form .kadence-blocks-form-field .kb-forms-submit{font-size:14px;text-transform:uppercase;font-style:normal;font-weight:inherit;}.kb-form input.kadence-blocks-field.verify{opacity:0.0;position:absolute;top:0.0;left:0.0;width:0.0;height:0.0;z-index:-1;}<\/style>\n<div class=\"wp-block-kadence-form kadence-form-41_7ea539-25 kb-form-wrap\"><form class=\"kb-form\" action=\"\" method=\"post\"><div class=\"kadence-blocks-form-field kb-field-desk-width-50 kb-field-mobile-width-100 kb-input-size-standard\"><label for=\"kb_field_41_7ea539-25_0\">Pr\u00e9nom<\/label><input name=\"kb_field_0\" id=\"kb_field_41_7ea539-25_0\" data-label=\"Pr\u00e9nom\" type=\"text\" placeholder=\"Pr\u00e9nom\" value=\"\" data-type=\"text\" class=\"kb-field kb-text-style-field kb-text-field kb-field-0\"\/><\/div><div class=\"kadence-blocks-form-field kb-form-field-1 kb-field-desk-width-50 kb-field-mobile-width-100 kb-input-size-standard\"><label for=\"kb_field_41_7ea539-25_1\">NOM<\/label><input name=\"kb_field_1\" id=\"kb_field_41_7ea539-25_1\" data-label=\"NOM\" type=\"text\" placeholder=\"Nom\" value=\"\" data-type=\"text\" class=\"kb-field kb-text-style-field kb-text-field kb-field-1\"\/><\/div><div class=\"kadence-blocks-form-field kb-form-field-2 kb-field-desk-width-100 kb-input-size-standard\"><label for=\"kb_field_41_7ea539-25_2\">Email<span class=\"required\">*<\/span><\/label><input name=\"kb_field_2\" id=\"kb_field_41_7ea539-25_2\" data-label=\"Email\" type=\"email\" placeholder=\"Email \" value=\"\" data-type=\"email\" class=\"kb-field kb-text-style-field kb-email-field kb-field-2\" data-required=\"yes\"\/><\/div><div class=\"kadence-blocks-form-field kb-form-field-3 kb-field-desk-width-100 kb-input-size-standard\"><label for=\"kb_field_41_7ea539-25_3\">Sujet<\/label><input name=\"kb_field_3\" id=\"kb_field_41_7ea539-25_3\" data-label=\"Sujet\" type=\"text\" placeholder=\"Sujet\" value=\"\" data-type=\"text\" class=\"kb-field kb-text-style-field kb-text-field kb-field-3\"\/><\/div><div class=\"kadence-blocks-form-field kb-form-field-4 kb-field-desk-width-100 kb-input-size-standard\"><label for=\"kb_field_41_7ea539-25_4\">Votre Message<span class=\"required\">*<\/span><\/label><textarea name=\"kb_field_4\" id=\"kb_field_41_7ea539-25_4\" data-label=\"Votre Message\" type=\"textarea\" placeholder=\"Votre Message\" data-type=\"textarea\" class=\"kb-field kb-text-style-field kb-textarea-field kb-field-4\" rows=\"4\" data-required=\"yes\"><\/textarea><\/div><input type=\"hidden\" name=\"_kb_form_id\" value=\"41_7ea539-25\"\/><input type=\"hidden\" name=\"_kb_form_post_id\" value=\"41\"\/><input type=\"hidden\" name=\"action\" value=\"kb_process_ajax_submit\"\/><input class=\"kadence-blocks-field verify\" type=\"text\" name=\"_kb_verify_email\" autocomplete=\"new-password\" aria-hidden=\"true\" placeholder=\"Email\" tabindex=\"-1\" data-1p-ignore=\"true\" data-lpignore=\"true\" \/><div class=\"kadence-blocks-form-field kb-submit-field kb-field-desk-width-100\"><button class=\"kb-forms-submit button kb-button-size-large kb-button-width-full\">ENVOYER LE MESSAGE<\/button><\/div><\/form><\/div>\n<noscript><div class=\"kadence-blocks-form-message kadence-blocks-form-warning\">Veuillez activer JavaScript dans votre navigateur pour envoyer le formulaire.<\/div><style>.kadence-form-41_7ea539-25 .kadence-blocks-form-field.kb-submit-field { display: none; }<\/style><\/noscript><\/div><\/div>\n<\/div><\/div>","protected":false},"excerpt":{"rendered":"<p>VOUS AVEZ UNE QUESTION ?ContactEZ-NOUS ! Vous avez des questions sur nos pi\u00e8ces ou besoin de conseils pour vos projets cr\u00e9atifs ? Nous sommes l\u00e0 pour vous aider ! Notre \u00e9quipe d\u00e9vou\u00e9e est \u00e0 votre disposition pour r\u00e9pondre \u00e0 toutes vos interrogations. INSTAGRAM @1001.CLO Email contact@THE1001.FR<\/p>\n","protected":false},"author":1,"featured_media":493,"parent":0,"menu_order":0,"comment_status":"closed","ping_status":"closed","template":"","meta":{"_kadence_starter_templates_imported_post":true,"_kad_post_transparent":"","_kad_post_title":"hide","_kad_post_layout":"fullwidth","_kad_post_sidebar_id":"","_kad_post_content_style":"unboxed","_kad_post_vertical_padding":"hide","_kad_post_feature":"hide","_kad_post_feature_position":"","_kad_post_header":false,"_kad_post_footer":false,"footnotes":""},"class_list":["post-41","page","type-page","status-publish","has-post-thumbnail","hentry"],"yoast_head":"<!-- This site is optimized with the Yoast SEO plugin v24.5 - https:\/\/yoast.com\/wordpress\/plugins\/seo\/ -->\n<title>Contact - The \u066100\u0661<\/title>\n<meta name=\"robots\" content=\"index, follow, max-snippet:-1, max-image-preview:large, max-video-preview:-1\" \/>\n<link rel=\"canonical\" href=\"https:\/\/the1001.fr\/index.php\/contact\/\" \/>\n<meta property=\"og:locale\" content=\"fr_FR\" \/>\n<meta property=\"og:type\" content=\"article\" \/>\n<meta property=\"og:title\" content=\"Contact - The \u066100\u0661\" \/>\n<meta property=\"og:description\" content=\"VOUS AVEZ UNE QUESTION ?ContactEZ-NOUS ! Vous avez des questions sur nos pi\u00e8ces ou besoin de conseils pour vos projets cr\u00e9atifs ? Nous sommes l\u00e0 pour vous aider ! Notre \u00e9quipe d\u00e9vou\u00e9e est \u00e0 votre disposition pour r\u00e9pondre \u00e0 toutes vos interrogations. INSTAGRAM @1001.CLO Email contact@THE1001.FR\" \/>\n<meta property=\"og:url\" content=\"https:\/\/the1001.fr\/index.php\/contact\/\" \/>\n<meta property=\"og:site_name\" content=\"The \u066100\u0661\" \/>\n<meta property=\"article:modified_time\" content=\"2025-01-25T18:42:23+00:00\" \/>\n<meta property=\"og:image\" content=\"https:\/\/the1001.fr\/wp-content\/uploads\/2021\/11\/Contacts.jpeg\" \/>\n\t<meta property=\"og:image:width\" content=\"1600\" \/>\n\t<meta property=\"og:image:height\" content=\"1545\" \/>\n\t<meta property=\"og:image:type\" content=\"image\/jpeg\" \/>\n<meta name=\"twitter:card\" content=\"summary_large_image\" \/>\n<meta name=\"twitter:label1\" content=\"Dur\u00e9e de lecture estim\u00e9e\" \/>\n\t<meta name=\"twitter:data1\" content=\"1 minute\" \/>\n<script type=\"application\/ld+json\" class=\"yoast-schema-graph\">{\"@context\":\"https:\/\/schema.org\",\"@graph\":[{\"@type\":\"WebPage\",\"@id\":\"https:\/\/the1001.fr\/index.php\/contact\/\",\"url\":\"https:\/\/the1001.fr\/index.php\/contact\/\",\"name\":\"Contact - The \u066100\u0661\",\"isPartOf\":{\"@id\":\"https:\/\/the1001.fr\/#website\"},\"primaryImageOfPage\":{\"@id\":\"https:\/\/the1001.fr\/index.php\/contact\/#primaryimage\"},\"image\":{\"@id\":\"https:\/\/the1001.fr\/index.php\/contact\/#primaryimage\"},\"thumbnailUrl\":\"https:\/\/the1001.fr\/wp-content\/uploads\/2021\/11\/Contacts.jpeg\",\"datePublished\":\"2021-10-18T20:51:38+00:00\",\"dateModified\":\"2025-01-25T18:42:23+00:00\",\"breadcrumb\":{\"@id\":\"https:\/\/the1001.fr\/index.php\/contact\/#breadcrumb\"},\"inLanguage\":\"fr-FR\",\"potentialAction\":[{\"@type\":\"ReadAction\",\"target\":[\"https:\/\/the1001.fr\/index.php\/contact\/\"]}]},{\"@type\":\"ImageObject\",\"inLanguage\":\"fr-FR\",\"@id\":\"https:\/\/the1001.fr\/index.php\/contact\/#primaryimage\",\"url\":\"https:\/\/the1001.fr\/wp-content\/uploads\/2021\/11\/Contacts.jpeg\",\"contentUrl\":\"https:\/\/the1001.fr\/wp-content\/uploads\/2021\/11\/Contacts.jpeg\",\"width\":1600,\"height\":1545},{\"@type\":\"BreadcrumbList\",\"@id\":\"https:\/\/the1001.fr\/index.php\/contact\/#breadcrumb\",\"itemListElement\":[{\"@type\":\"ListItem\",\"position\":1,\"name\":\"Accueil\",\"item\":\"https:\/\/the1001.fr\/\"},{\"@type\":\"ListItem\",\"position\":2,\"name\":\"Contact\"}]},{\"@type\":\"WebSite\",\"@id\":\"https:\/\/the1001.fr\/#website\",\"url\":\"https:\/\/the1001.fr\/\",\"name\":\"The \u066100\u0661\",\"description\":\"\",\"publisher\":{\"@id\":\"https:\/\/the1001.fr\/#organization\"},\"potentialAction\":[{\"@type\":\"SearchAction\",\"target\":{\"@type\":\"EntryPoint\",\"urlTemplate\":\"https:\/\/the1001.fr\/?s={search_term_string}\"},\"query-input\":{\"@type\":\"PropertyValueSpecification\",\"valueRequired\":true,\"valueName\":\"search_term_string\"}}],\"inLanguage\":\"fr-FR\"},{\"@type\":\"Organization\",\"@id\":\"https:\/\/the1001.fr\/#organization\",\"name\":\"The \u066100\u0661\",\"url\":\"https:\/\/the1001.fr\/\",\"logo\":{\"@type\":\"ImageObject\",\"inLanguage\":\"fr-FR\",\"@id\":\"https:\/\/the1001.fr\/#\/schema\/logo\/image\/\",\"url\":\"https:\/\/the1001.fr\/wp-content\/uploads\/2024\/02\/cropped-image-2-1-e1737830019737.png\",\"contentUrl\":\"https:\/\/the1001.fr\/wp-content\/uploads\/2024\/02\/cropped-image-2-1-e1737830019737.png\",\"width\":512,\"height\":512,\"caption\":\"The \u066100\u0661\"},\"image\":{\"@id\":\"https:\/\/the1001.fr\/#\/schema\/logo\/image\/\"}}]}<\/script>\n<!-- \/ Yoast SEO plugin. -->","yoast_head_json":{"title":"Contact - The \u066100\u0661","robots":{"index":"index","follow":"follow","max-snippet":"max-snippet:-1","max-image-preview":"max-image-preview:large","max-video-preview":"max-video-preview:-1"},"canonical":"https:\/\/the1001.fr\/index.php\/contact\/","og_locale":"fr_FR","og_type":"article","og_title":"Contact - The \u066100\u0661","og_description":"VOUS AVEZ UNE QUESTION ?ContactEZ-NOUS ! Vous avez des questions sur nos pi\u00e8ces ou besoin de conseils pour vos projets cr\u00e9atifs ? Nous sommes l\u00e0 pour vous aider ! Notre \u00e9quipe d\u00e9vou\u00e9e est \u00e0 votre disposition pour r\u00e9pondre \u00e0 toutes vos interrogations. INSTAGRAM @1001.CLO Email contact@THE1001.FR","og_url":"https:\/\/the1001.fr\/index.php\/contact\/","og_site_name":"The \u066100\u0661","article_modified_time":"2025-01-25T18:42:23+00:00","og_image":[{"width":1600,"height":1545,"url":"https:\/\/the1001.fr\/wp-content\/uploads\/2021\/11\/Contacts.jpeg","type":"image\/jpeg"}],"twitter_card":"summary_large_image","twitter_misc":{"Dur\u00e9e de lecture estim\u00e9e":"1 minute"},"schema":{"@context":"https:\/\/schema.org","@graph":[{"@type":"WebPage","@id":"https:\/\/the1001.fr\/index.php\/contact\/","url":"https:\/\/the1001.fr\/index.php\/contact\/","name":"Contact - The \u066100\u0661","isPartOf":{"@id":"https:\/\/the1001.fr\/#website"},"primaryImageOfPage":{"@id":"https:\/\/the1001.fr\/index.php\/contact\/#primaryimage"},"image":{"@id":"https:\/\/the1001.fr\/index.php\/contact\/#primaryimage"},"thumbnailUrl":"https:\/\/the1001.fr\/wp-content\/uploads\/2021\/11\/Contacts.jpeg","datePublished":"2021-10-18T20:51:38+00:00","dateModified":"2025-01-25T18:42:23+00:00","breadcrumb":{"@id":"https:\/\/the1001.fr\/index.php\/contact\/#breadcrumb"},"inLanguage":"fr-FR","potentialAction":[{"@type":"ReadAction","target":["https:\/\/the1001.fr\/index.php\/contact\/"]}]},{"@type":"ImageObject","inLanguage":"fr-FR","@id":"https:\/\/the1001.fr\/index.php\/contact\/#primaryimage","url":"https:\/\/the1001.fr\/wp-content\/uploads\/2021\/11\/Contacts.jpeg","contentUrl":"https:\/\/the1001.fr\/wp-content\/uploads\/2021\/11\/Contacts.jpeg","width":1600,"height":1545},{"@type":"BreadcrumbList","@id":"https:\/\/the1001.fr\/index.php\/contact\/#breadcrumb","itemListElement":[{"@type":"ListItem","position":1,"name":"Accueil","item":"https:\/\/the1001.fr\/"},{"@type":"ListItem","position":2,"name":"Contact"}]},{"@type":"WebSite","@id":"https:\/\/the1001.fr\/#website","url":"https:\/\/the1001.fr\/","name":"The \u066100\u0661","description":"","publisher":{"@id":"https:\/\/the1001.fr\/#organization"},"potentialAction":[{"@type":"SearchAction","target":{"@type":"EntryPoint","urlTemplate":"https:\/\/the1001.fr\/?s={search_term_string}"},"query-input":{"@type":"PropertyValueSpecification","valueRequired":true,"valueName":"search_term_string"}}],"inLanguage":"fr-FR"},{"@type":"Organization","@id":"https:\/\/the1001.fr\/#organization","name":"The \u066100\u0661","url":"https:\/\/the1001.fr\/","logo":{"@type":"ImageObject","inLanguage":"fr-FR","@id":"https:\/\/the1001.fr\/#\/schema\/logo\/image\/","url":"https:\/\/the1001.fr\/wp-content\/uploads\/2024\/02\/cropped-image-2-1-e1737830019737.png","contentUrl":"https:\/\/the1001.fr\/wp-content\/uploads\/2024\/02\/cropped-image-2-1-e1737830019737.png","width":512,"height":512,"caption":"The \u066100\u0661"},"image":{"@id":"https:\/\/the1001.fr\/#\/schema\/logo\/image\/"}}]}},"jetpack_sharing_enabled":true,"_links":{"self":[{"href":"https:\/\/the1001.fr\/index.php\/wp-json\/wp\/v2\/pages\/41","targetHints":{"allow":["GET"]}}],"collection":[{"href":"https:\/\/the1001.fr\/index.php\/wp-json\/wp\/v2\/pages"}],"about":[{"href":"https:\/\/the1001.fr\/index.php\/wp-json\/wp\/v2\/types\/page"}],"author":[{"embeddable":true,"href":"https:\/\/the1001.fr\/index.php\/wp-json\/wp\/v2\/users\/1"}],"replies":[{"embeddable":true,"href":"https:\/\/the1001.fr\/index.php\/wp-json\/wp\/v2\/comments?post=41"}],"version-history":[{"count":10,"href":"https:\/\/the1001.fr\/index.php\/wp-json\/wp\/v2\/pages\/41\/revisions"}],"predecessor-version":[{"id":1683,"href":"https:\/\/the1001.fr\/index.php\/wp-json\/wp\/v2\/pages\/41\/revisions\/1683"}],"wp:featuredmedia":[{"embeddable":true,"href":"https:\/\/the1001.fr\/index.php\/wp-json\/wp\/v2\/media\/493"}],"wp:attachment":[{"href":"https:\/\/the1001.fr\/index.php\/wp-json\/wp\/v2\/media?parent=41"}],"curies":[{"name":"wp","href":"https:\/\/api.w.org\/{rel}","templated":true}]}}