{"id":1529,"date":"2024-04-12T19:30:14","date_gmt":"2024-04-12T17:30:14","guid":{"rendered":"https:\/\/the1001.fr\/?post_type=product&#038;p=1529"},"modified":"2025-02-23T19:02:43","modified_gmt":"2025-02-23T18:02:43","slug":"sweat-a-capuche-palestine","status":"publish","type":"product","link":"https:\/\/the1001.fr\/index.php\/product\/sweat-a-capuche-palestine\/","title":{"rendered":"Jersey FC \u066100\u0661"},"content":{"rendered":"<p><strong>FC \u066100\u0661, l\u00e0 o\u00f9 le sport rencontre les \u00e9toiles.<\/strong><br \/>\n<strong>Faites inscrire votre nom et num\u00e9ro en arabe<\/strong> et transformez ce maillot en une pi\u00e8ce unique, qui refl\u00e8te votre identit\u00e9 et votre passion.<\/p>\n","protected":false},"excerpt":{"rendered":"<p><strong>FC \u066100\u0661, l\u00e0 o\u00f9 le sport rencontre les \u00e9toiles.<\/strong><br \/>\n<strong>Faites inscrire votre nom et num\u00e9ro en arabe<\/strong> et transformez ce maillot en une pi\u00e8ce unique, qui refl\u00e8te votre identit\u00e9 et votre passion.<\/p>\n","protected":false},"featured_media":1751,"template":"","meta":{"_kadence_starter_templates_imported_post":false,"_kad_post_transparent":"default","_kad_post_title":"","_kad_post_layout":"default","_kad_post_sidebar_id":"","_kad_post_content_style":"default","_kad_post_vertical_padding":"default","_kad_post_feature":"","_kad_post_feature_position":"","_kad_post_header":false,"_kad_post_footer":false},"product_brand":[],"product_cat":[49],"product_tag":[],"class_list":{"0":"post-1529","1":"product","2":"type-product","3":"status-publish","4":"has-post-thumbnail","6":"product_cat-collection-permanente","8":"first","9":"instock","10":"shipping-taxable","11":"purchasable","12":"product-type-variable","13":"entry","14":"content-bg","15":"loop-entry"},"yoast_head":"<!-- This site is optimized with the Yoast SEO plugin v24.5 - https:\/\/yoast.com\/wordpress\/plugins\/seo\/ -->\n<title>Jersey FC \u066100\u0661 - The \u066100\u0661<\/title>\n<meta name=\"robots\" content=\"index, follow, max-snippet:-1, max-image-preview:large, max-video-preview:-1\" \/>\n<link rel=\"canonical\" href=\"https:\/\/the1001.fr\/index.php\/product\/sweat-a-capuche-palestine\/\" \/>\n<meta property=\"og:locale\" content=\"fr_FR\" \/>\n<meta property=\"og:type\" content=\"article\" \/>\n<meta property=\"og:title\" content=\"Jersey FC \u066100\u0661 - The \u066100\u0661\" \/>\n<meta property=\"og:description\" content=\"FC \u066100\u0661, l\u00e0 o\u00f9 le sport rencontre les \u00e9toiles. Faites inscrire votre nom et num\u00e9ro en arabe et transformez ce maillot en une pi\u00e8ce unique, qui refl\u00e8te votre identit\u00e9 et votre passion.\" \/>\n<meta property=\"og:url\" content=\"https:\/\/the1001.fr\/index.php\/product\/sweat-a-capuche-palestine\/\" \/>\n<meta property=\"og:site_name\" content=\"The \u066100\u0661\" \/>\n<meta property=\"article:modified_time\" content=\"2025-02-23T18:02:43+00:00\" \/>\n<meta name=\"twitter:card\" content=\"summary_large_image\" \/>\n<meta name=\"twitter:label1\" content=\"Dur\u00e9e de lecture estim\u00e9e\" \/>\n\t<meta name=\"twitter:data1\" content=\"1 minute\" \/>\n<script type=\"application\/ld+json\" class=\"yoast-schema-graph\">{\"@context\":\"https:\/\/schema.org\",\"@graph\":[{\"@type\":\"WebPage\",\"@id\":\"https:\/\/the1001.fr\/index.php\/product\/sweat-a-capuche-palestine\/\",\"url\":\"https:\/\/the1001.fr\/index.php\/product\/sweat-a-capuche-palestine\/\",\"name\":\"Jersey FC \u066100\u0661 - The \u066100\u0661\",\"isPartOf\":{\"@id\":\"https:\/\/the1001.fr\/#website\"},\"primaryImageOfPage\":{\"@id\":\"https:\/\/the1001.fr\/index.php\/product\/sweat-a-capuche-palestine\/#primaryimage\"},\"image\":{\"@id\":\"https:\/\/the1001.fr\/index.php\/product\/sweat-a-capuche-palestine\/#primaryimage\"},\"thumbnailUrl\":\"https:\/\/the1001.fr\/wp-content\/uploads\/2024\/04\/IMG_9111-scaled.jpg\",\"datePublished\":\"2024-04-12T17:30:14+00:00\",\"dateModified\":\"2025-02-23T18:02:43+00:00\",\"breadcrumb\":{\"@id\":\"https:\/\/the1001.fr\/index.php\/product\/sweat-a-capuche-palestine\/#breadcrumb\"},\"inLanguage\":\"fr-FR\",\"potentialAction\":[{\"@type\":\"ReadAction\",\"target\":[\"https:\/\/the1001.fr\/index.php\/product\/sweat-a-capuche-palestine\/\"]}]},{\"@type\":\"ImageObject\",\"inLanguage\":\"fr-FR\",\"@id\":\"https:\/\/the1001.fr\/index.php\/product\/sweat-a-capuche-palestine\/#primaryimage\",\"url\":\"https:\/\/the1001.fr\/wp-content\/uploads\/2024\/04\/IMG_9111-scaled.jpg\",\"contentUrl\":\"https:\/\/the1001.fr\/wp-content\/uploads\/2024\/04\/IMG_9111-scaled.jpg\",\"width\":1920,\"height\":2560},{\"@type\":\"BreadcrumbList\",\"@id\":\"https:\/\/the1001.fr\/index.php\/product\/sweat-a-capuche-palestine\/#breadcrumb\",\"itemListElement\":[{\"@type\":\"ListItem\",\"position\":1,\"name\":\"Accueil\",\"item\":\"https:\/\/the1001.fr\/\"},{\"@type\":\"ListItem\",\"position\":2,\"name\":\"Boutique\",\"item\":\"https:\/\/the1001.fr\/index.php\/boutique\/\"},{\"@type\":\"ListItem\",\"position\":3,\"name\":\"Jersey FC \u066100\u0661\"}]},{\"@type\":\"WebSite\",\"@id\":\"https:\/\/the1001.fr\/#website\",\"url\":\"https:\/\/the1001.fr\/\",\"name\":\"The \u066100\u0661\",\"description\":\"\",\"publisher\":{\"@id\":\"https:\/\/the1001.fr\/#organization\"},\"potentialAction\":[{\"@type\":\"SearchAction\",\"target\":{\"@type\":\"EntryPoint\",\"urlTemplate\":\"https:\/\/the1001.fr\/?s={search_term_string}\"},\"query-input\":{\"@type\":\"PropertyValueSpecification\",\"valueRequired\":true,\"valueName\":\"search_term_string\"}}],\"inLanguage\":\"fr-FR\"},{\"@type\":\"Organization\",\"@id\":\"https:\/\/the1001.fr\/#organization\",\"name\":\"The \u066100\u0661\",\"url\":\"https:\/\/the1001.fr\/\",\"logo\":{\"@type\":\"ImageObject\",\"inLanguage\":\"fr-FR\",\"@id\":\"https:\/\/the1001.fr\/#\/schema\/logo\/image\/\",\"url\":\"https:\/\/the1001.fr\/wp-content\/uploads\/2024\/02\/cropped-image-2-1-e1737830019737.png\",\"contentUrl\":\"https:\/\/the1001.fr\/wp-content\/uploads\/2024\/02\/cropped-image-2-1-e1737830019737.png\",\"width\":512,\"height\":512,\"caption\":\"The \u066100\u0661\"},\"image\":{\"@id\":\"https:\/\/the1001.fr\/#\/schema\/logo\/image\/\"}}]}<\/script>\n<!-- \/ Yoast SEO plugin. -->","yoast_head_json":{"title":"Jersey FC \u066100\u0661 - The \u066100\u0661","robots":{"index":"index","follow":"follow","max-snippet":"max-snippet:-1","max-image-preview":"max-image-preview:large","max-video-preview":"max-video-preview:-1"},"canonical":"https:\/\/the1001.fr\/index.php\/product\/sweat-a-capuche-palestine\/","og_locale":"fr_FR","og_type":"article","og_title":"Jersey FC \u066100\u0661 - The \u066100\u0661","og_description":"FC \u066100\u0661, l\u00e0 o\u00f9 le sport rencontre les \u00e9toiles. Faites inscrire votre nom et num\u00e9ro en arabe et transformez ce maillot en une pi\u00e8ce unique, qui refl\u00e8te votre identit\u00e9 et votre passion.","og_url":"https:\/\/the1001.fr\/index.php\/product\/sweat-a-capuche-palestine\/","og_site_name":"The \u066100\u0661","article_modified_time":"2025-02-23T18:02:43+00:00","twitter_card":"summary_large_image","twitter_misc":{"Dur\u00e9e de lecture estim\u00e9e":"1 minute"},"schema":{"@context":"https:\/\/schema.org","@graph":[{"@type":"WebPage","@id":"https:\/\/the1001.fr\/index.php\/product\/sweat-a-capuche-palestine\/","url":"https:\/\/the1001.fr\/index.php\/product\/sweat-a-capuche-palestine\/","name":"Jersey FC \u066100\u0661 - The \u066100\u0661","isPartOf":{"@id":"https:\/\/the1001.fr\/#website"},"primaryImageOfPage":{"@id":"https:\/\/the1001.fr\/index.php\/product\/sweat-a-capuche-palestine\/#primaryimage"},"image":{"@id":"https:\/\/the1001.fr\/index.php\/product\/sweat-a-capuche-palestine\/#primaryimage"},"thumbnailUrl":"https:\/\/the1001.fr\/wp-content\/uploads\/2024\/04\/IMG_9111-scaled.jpg","datePublished":"2024-04-12T17:30:14+00:00","dateModified":"2025-02-23T18:02:43+00:00","breadcrumb":{"@id":"https:\/\/the1001.fr\/index.php\/product\/sweat-a-capuche-palestine\/#breadcrumb"},"inLanguage":"fr-FR","potentialAction":[{"@type":"ReadAction","target":["https:\/\/the1001.fr\/index.php\/product\/sweat-a-capuche-palestine\/"]}]},{"@type":"ImageObject","inLanguage":"fr-FR","@id":"https:\/\/the1001.fr\/index.php\/product\/sweat-a-capuche-palestine\/#primaryimage","url":"https:\/\/the1001.fr\/wp-content\/uploads\/2024\/04\/IMG_9111-scaled.jpg","contentUrl":"https:\/\/the1001.fr\/wp-content\/uploads\/2024\/04\/IMG_9111-scaled.jpg","width":1920,"height":2560},{"@type":"BreadcrumbList","@id":"https:\/\/the1001.fr\/index.php\/product\/sweat-a-capuche-palestine\/#breadcrumb","itemListElement":[{"@type":"ListItem","position":1,"name":"Accueil","item":"https:\/\/the1001.fr\/"},{"@type":"ListItem","position":2,"name":"Boutique","item":"https:\/\/the1001.fr\/index.php\/boutique\/"},{"@type":"ListItem","position":3,"name":"Jersey FC \u066100\u0661"}]},{"@type":"WebSite","@id":"https:\/\/the1001.fr\/#website","url":"https:\/\/the1001.fr\/","name":"The \u066100\u0661","description":"","publisher":{"@id":"https:\/\/the1001.fr\/#organization"},"potentialAction":[{"@type":"SearchAction","target":{"@type":"EntryPoint","urlTemplate":"https:\/\/the1001.fr\/?s={search_term_string}"},"query-input":{"@type":"PropertyValueSpecification","valueRequired":true,"valueName":"search_term_string"}}],"inLanguage":"fr-FR"},{"@type":"Organization","@id":"https:\/\/the1001.fr\/#organization","name":"The \u066100\u0661","url":"https:\/\/the1001.fr\/","logo":{"@type":"ImageObject","inLanguage":"fr-FR","@id":"https:\/\/the1001.fr\/#\/schema\/logo\/image\/","url":"https:\/\/the1001.fr\/wp-content\/uploads\/2024\/02\/cropped-image-2-1-e1737830019737.png","contentUrl":"https:\/\/the1001.fr\/wp-content\/uploads\/2024\/02\/cropped-image-2-1-e1737830019737.png","width":512,"height":512,"caption":"The \u066100\u0661"},"image":{"@id":"https:\/\/the1001.fr\/#\/schema\/logo\/image\/"}}]}},"jetpack_sharing_enabled":true,"_links":{"self":[{"href":"https:\/\/the1001.fr\/index.php\/wp-json\/wp\/v2\/product\/1529","targetHints":{"allow":["GET"]}}],"collection":[{"href":"https:\/\/the1001.fr\/index.php\/wp-json\/wp\/v2\/product"}],"about":[{"href":"https:\/\/the1001.fr\/index.php\/wp-json\/wp\/v2\/types\/product"}],"wp:featuredmedia":[{"embeddable":true,"href":"https:\/\/the1001.fr\/index.php\/wp-json\/wp\/v2\/media\/1751"}],"wp:attachment":[{"href":"https:\/\/the1001.fr\/index.php\/wp-json\/wp\/v2\/media?parent=1529"}],"wp:term":[{"taxonomy":"product_brand","embeddable":true,"href":"https:\/\/the1001.fr\/index.php\/wp-json\/wp\/v2\/product_brand?post=1529"},{"taxonomy":"product_cat","embeddable":true,"href":"https:\/\/the1001.fr\/index.php\/wp-json\/wp\/v2\/product_cat?post=1529"},{"taxonomy":"product_tag","embeddable":true,"href":"https:\/\/the1001.fr\/index.php\/wp-json\/wp\/v2\/product_tag?post=1529"}],"curies":[{"name":"wp","href":"https:\/\/api.w.org\/{rel}","templated":true}]}}