{"id":1686,"date":"2025-02-04T16:21:26","date_gmt":"2025-02-04T15:21:26","guid":{"rendered":"https:\/\/the1001.fr\/?post_type=product&#038;p=1686"},"modified":"2025-02-23T20:42:15","modified_gmt":"2025-02-23T19:42:15","slug":"crewneck-palestine","status":"publish","type":"product","link":"https:\/\/the1001.fr\/index.php\/product\/crewneck-palestine\/","title":{"rendered":"Crewneck Palestine"},"content":{"rendered":"<p>D\u00e9couvrez notre crewneck Palestine, une pi\u00e8ce de mode engag\u00e9e et pleine de caract\u00e8re. Ce sweat allie modernit\u00e9 et symbolisme. Son design \u00e9pur\u00e9 met en valeur des motifs inspir\u00e9s de la riche culture palestinienne, avec des touches de couleurs qui \u00e9voquent l&rsquo;espoir, la fiert\u00e9 et la r\u00e9silience.<\/p>\n<p>Id\u00e9al pour afficher votre soutien ou simplement pour affirmer votre style, ce crewneck se distingue par sa coupe intemporelle et ses finitions soign\u00e9es. Portez-le fi\u00e8rement au quotidien et laissez votre engagement transpara\u00eetre \u00e0 travers un v\u00eatement aussi confortable qu\u2019inspirant.<\/p>\n","protected":false},"excerpt":{"rendered":"<p>D\u00e9couvrez notre crewneck Palestine, une pi\u00e8ce de mode engag\u00e9e et pleine de caract\u00e8re. Ce sweat allie modernit\u00e9 et symbolisme. Son design \u00e9pur\u00e9 met en valeur des motifs inspir\u00e9s de la riche culture palestinienne, avec des touches de couleurs qui \u00e9voquent l&rsquo;espoir, la fiert\u00e9 et la r\u00e9silience.<\/p>\n<p>Id\u00e9al pour afficher votre soutien ou simplement pour affirmer votre style, ce crewneck se distingue par sa coupe intemporelle et ses finitions soign\u00e9es. Portez-le fi\u00e8rement au quotidien et laissez votre engagement transpara\u00eetre \u00e0 travers un v\u00eatement aussi confortable qu\u2019inspirant.<\/p>\n","protected":false},"featured_media":1775,"template":"","meta":{"_kadence_starter_templates_imported_post":false,"_kad_post_transparent":"default","_kad_post_title":"","_kad_post_layout":"default","_kad_post_sidebar_id":"","_kad_post_content_style":"default","_kad_post_vertical_padding":"default","_kad_post_feature":"","_kad_post_feature_position":"","_kad_post_header":false,"_kad_post_footer":false},"product_brand":[],"product_cat":[49],"product_tag":[],"class_list":{"0":"post-1686","1":"product","2":"type-product","3":"status-publish","4":"has-post-thumbnail","6":"product_cat-collection-permanente","8":"first","9":"instock","10":"shipping-taxable","11":"purchasable","12":"product-type-variable","13":"entry","14":"content-bg","15":"loop-entry"},"yoast_head":"<!-- This site is optimized with the Yoast SEO plugin v24.5 - https:\/\/yoast.com\/wordpress\/plugins\/seo\/ -->\n<title>Crewneck Palestine - The \u066100\u0661<\/title>\n<meta name=\"robots\" content=\"index, follow, max-snippet:-1, max-image-preview:large, max-video-preview:-1\" \/>\n<link rel=\"canonical\" href=\"https:\/\/the1001.fr\/index.php\/product\/crewneck-palestine\/\" \/>\n<meta property=\"og:locale\" content=\"fr_FR\" \/>\n<meta property=\"og:type\" content=\"article\" \/>\n<meta property=\"og:title\" content=\"Crewneck Palestine - The \u066100\u0661\" \/>\n<meta property=\"og:description\" content=\"D\u00e9couvrez notre crewneck Palestine, une pi\u00e8ce de mode engag\u00e9e et pleine de caract\u00e8re. Ce sweat allie modernit\u00e9 et symbolisme. Son design \u00e9pur\u00e9 met en valeur des motifs inspir\u00e9s de la riche culture palestinienne, avec des touches de couleurs qui \u00e9voquent l&#039;espoir, la fiert\u00e9 et la r\u00e9silience.  Id\u00e9al pour afficher votre soutien ou simplement pour affirmer votre style, ce crewneck se distingue par sa coupe intemporelle et ses finitions soign\u00e9es. Portez-le fi\u00e8rement au quotidien et laissez votre engagement transpara\u00eetre \u00e0 travers un v\u00eatement aussi confortable qu\u2019inspirant.\" \/>\n<meta property=\"og:url\" content=\"https:\/\/the1001.fr\/index.php\/product\/crewneck-palestine\/\" \/>\n<meta property=\"og:site_name\" content=\"The \u066100\u0661\" \/>\n<meta property=\"article:modified_time\" content=\"2025-02-23T19:42:15+00:00\" \/>\n<meta name=\"twitter:card\" content=\"summary_large_image\" \/>\n<meta name=\"twitter:label1\" content=\"Dur\u00e9e de lecture estim\u00e9e\" \/>\n\t<meta name=\"twitter:data1\" content=\"1 minute\" \/>\n<script type=\"application\/ld+json\" class=\"yoast-schema-graph\">{\"@context\":\"https:\/\/schema.org\",\"@graph\":[{\"@type\":\"WebPage\",\"@id\":\"https:\/\/the1001.fr\/index.php\/product\/crewneck-palestine\/\",\"url\":\"https:\/\/the1001.fr\/index.php\/product\/crewneck-palestine\/\",\"name\":\"Crewneck Palestine - The \u066100\u0661\",\"isPartOf\":{\"@id\":\"https:\/\/the1001.fr\/#website\"},\"primaryImageOfPage\":{\"@id\":\"https:\/\/the1001.fr\/index.php\/product\/crewneck-palestine\/#primaryimage\"},\"image\":{\"@id\":\"https:\/\/the1001.fr\/index.php\/product\/crewneck-palestine\/#primaryimage\"},\"thumbnailUrl\":\"https:\/\/the1001.fr\/wp-content\/uploads\/2024\/04\/IMG_9168-scaled.jpg\",\"datePublished\":\"2025-02-04T15:21:26+00:00\",\"dateModified\":\"2025-02-23T19:42:15+00:00\",\"breadcrumb\":{\"@id\":\"https:\/\/the1001.fr\/index.php\/product\/crewneck-palestine\/#breadcrumb\"},\"inLanguage\":\"fr-FR\",\"potentialAction\":[{\"@type\":\"ReadAction\",\"target\":[\"https:\/\/the1001.fr\/index.php\/product\/crewneck-palestine\/\"]}]},{\"@type\":\"ImageObject\",\"inLanguage\":\"fr-FR\",\"@id\":\"https:\/\/the1001.fr\/index.php\/product\/crewneck-palestine\/#primaryimage\",\"url\":\"https:\/\/the1001.fr\/wp-content\/uploads\/2024\/04\/IMG_9168-scaled.jpg\",\"contentUrl\":\"https:\/\/the1001.fr\/wp-content\/uploads\/2024\/04\/IMG_9168-scaled.jpg\",\"width\":1920,\"height\":2560},{\"@type\":\"BreadcrumbList\",\"@id\":\"https:\/\/the1001.fr\/index.php\/product\/crewneck-palestine\/#breadcrumb\",\"itemListElement\":[{\"@type\":\"ListItem\",\"position\":1,\"name\":\"Accueil\",\"item\":\"https:\/\/the1001.fr\/\"},{\"@type\":\"ListItem\",\"position\":2,\"name\":\"Boutique\",\"item\":\"https:\/\/the1001.fr\/index.php\/boutique\/\"},{\"@type\":\"ListItem\",\"position\":3,\"name\":\"Crewneck Palestine\"}]},{\"@type\":\"WebSite\",\"@id\":\"https:\/\/the1001.fr\/#website\",\"url\":\"https:\/\/the1001.fr\/\",\"name\":\"The \u066100\u0661\",\"description\":\"\",\"publisher\":{\"@id\":\"https:\/\/the1001.fr\/#organization\"},\"potentialAction\":[{\"@type\":\"SearchAction\",\"target\":{\"@type\":\"EntryPoint\",\"urlTemplate\":\"https:\/\/the1001.fr\/?s={search_term_string}\"},\"query-input\":{\"@type\":\"PropertyValueSpecification\",\"valueRequired\":true,\"valueName\":\"search_term_string\"}}],\"inLanguage\":\"fr-FR\"},{\"@type\":\"Organization\",\"@id\":\"https:\/\/the1001.fr\/#organization\",\"name\":\"The \u066100\u0661\",\"url\":\"https:\/\/the1001.fr\/\",\"logo\":{\"@type\":\"ImageObject\",\"inLanguage\":\"fr-FR\",\"@id\":\"https:\/\/the1001.fr\/#\/schema\/logo\/image\/\",\"url\":\"https:\/\/the1001.fr\/wp-content\/uploads\/2024\/02\/cropped-image-2-1-e1737830019737.png\",\"contentUrl\":\"https:\/\/the1001.fr\/wp-content\/uploads\/2024\/02\/cropped-image-2-1-e1737830019737.png\",\"width\":512,\"height\":512,\"caption\":\"The \u066100\u0661\"},\"image\":{\"@id\":\"https:\/\/the1001.fr\/#\/schema\/logo\/image\/\"}}]}<\/script>\n<!-- \/ Yoast SEO plugin. -->","yoast_head_json":{"title":"Crewneck Palestine - The \u066100\u0661","robots":{"index":"index","follow":"follow","max-snippet":"max-snippet:-1","max-image-preview":"max-image-preview:large","max-video-preview":"max-video-preview:-1"},"canonical":"https:\/\/the1001.fr\/index.php\/product\/crewneck-palestine\/","og_locale":"fr_FR","og_type":"article","og_title":"Crewneck Palestine - The \u066100\u0661","og_description":"D\u00e9couvrez notre crewneck Palestine, une pi\u00e8ce de mode engag\u00e9e et pleine de caract\u00e8re. Ce sweat allie modernit\u00e9 et symbolisme. Son design \u00e9pur\u00e9 met en valeur des motifs inspir\u00e9s de la riche culture palestinienne, avec des touches de couleurs qui \u00e9voquent l'espoir, la fiert\u00e9 et la r\u00e9silience.  Id\u00e9al pour afficher votre soutien ou simplement pour affirmer votre style, ce crewneck se distingue par sa coupe intemporelle et ses finitions soign\u00e9es. Portez-le fi\u00e8rement au quotidien et laissez votre engagement transpara\u00eetre \u00e0 travers un v\u00eatement aussi confortable qu\u2019inspirant.","og_url":"https:\/\/the1001.fr\/index.php\/product\/crewneck-palestine\/","og_site_name":"The \u066100\u0661","article_modified_time":"2025-02-23T19:42:15+00:00","twitter_card":"summary_large_image","twitter_misc":{"Dur\u00e9e de lecture estim\u00e9e":"1 minute"},"schema":{"@context":"https:\/\/schema.org","@graph":[{"@type":"WebPage","@id":"https:\/\/the1001.fr\/index.php\/product\/crewneck-palestine\/","url":"https:\/\/the1001.fr\/index.php\/product\/crewneck-palestine\/","name":"Crewneck Palestine - The \u066100\u0661","isPartOf":{"@id":"https:\/\/the1001.fr\/#website"},"primaryImageOfPage":{"@id":"https:\/\/the1001.fr\/index.php\/product\/crewneck-palestine\/#primaryimage"},"image":{"@id":"https:\/\/the1001.fr\/index.php\/product\/crewneck-palestine\/#primaryimage"},"thumbnailUrl":"https:\/\/the1001.fr\/wp-content\/uploads\/2024\/04\/IMG_9168-scaled.jpg","datePublished":"2025-02-04T15:21:26+00:00","dateModified":"2025-02-23T19:42:15+00:00","breadcrumb":{"@id":"https:\/\/the1001.fr\/index.php\/product\/crewneck-palestine\/#breadcrumb"},"inLanguage":"fr-FR","potentialAction":[{"@type":"ReadAction","target":["https:\/\/the1001.fr\/index.php\/product\/crewneck-palestine\/"]}]},{"@type":"ImageObject","inLanguage":"fr-FR","@id":"https:\/\/the1001.fr\/index.php\/product\/crewneck-palestine\/#primaryimage","url":"https:\/\/the1001.fr\/wp-content\/uploads\/2024\/04\/IMG_9168-scaled.jpg","contentUrl":"https:\/\/the1001.fr\/wp-content\/uploads\/2024\/04\/IMG_9168-scaled.jpg","width":1920,"height":2560},{"@type":"BreadcrumbList","@id":"https:\/\/the1001.fr\/index.php\/product\/crewneck-palestine\/#breadcrumb","itemListElement":[{"@type":"ListItem","position":1,"name":"Accueil","item":"https:\/\/the1001.fr\/"},{"@type":"ListItem","position":2,"name":"Boutique","item":"https:\/\/the1001.fr\/index.php\/boutique\/"},{"@type":"ListItem","position":3,"name":"Crewneck Palestine"}]},{"@type":"WebSite","@id":"https:\/\/the1001.fr\/#website","url":"https:\/\/the1001.fr\/","name":"The \u066100\u0661","description":"","publisher":{"@id":"https:\/\/the1001.fr\/#organization"},"potentialAction":[{"@type":"SearchAction","target":{"@type":"EntryPoint","urlTemplate":"https:\/\/the1001.fr\/?s={search_term_string}"},"query-input":{"@type":"PropertyValueSpecification","valueRequired":true,"valueName":"search_term_string"}}],"inLanguage":"fr-FR"},{"@type":"Organization","@id":"https:\/\/the1001.fr\/#organization","name":"The \u066100\u0661","url":"https:\/\/the1001.fr\/","logo":{"@type":"ImageObject","inLanguage":"fr-FR","@id":"https:\/\/the1001.fr\/#\/schema\/logo\/image\/","url":"https:\/\/the1001.fr\/wp-content\/uploads\/2024\/02\/cropped-image-2-1-e1737830019737.png","contentUrl":"https:\/\/the1001.fr\/wp-content\/uploads\/2024\/02\/cropped-image-2-1-e1737830019737.png","width":512,"height":512,"caption":"The \u066100\u0661"},"image":{"@id":"https:\/\/the1001.fr\/#\/schema\/logo\/image\/"}}]}},"jetpack_sharing_enabled":true,"_links":{"self":[{"href":"https:\/\/the1001.fr\/index.php\/wp-json\/wp\/v2\/product\/1686","targetHints":{"allow":["GET"]}}],"collection":[{"href":"https:\/\/the1001.fr\/index.php\/wp-json\/wp\/v2\/product"}],"about":[{"href":"https:\/\/the1001.fr\/index.php\/wp-json\/wp\/v2\/types\/product"}],"wp:featuredmedia":[{"embeddable":true,"href":"https:\/\/the1001.fr\/index.php\/wp-json\/wp\/v2\/media\/1775"}],"wp:attachment":[{"href":"https:\/\/the1001.fr\/index.php\/wp-json\/wp\/v2\/media?parent=1686"}],"wp:term":[{"taxonomy":"product_brand","embeddable":true,"href":"https:\/\/the1001.fr\/index.php\/wp-json\/wp\/v2\/product_brand?post=1686"},{"taxonomy":"product_cat","embeddable":true,"href":"https:\/\/the1001.fr\/index.php\/wp-json\/wp\/v2\/product_cat?post=1686"},{"taxonomy":"product_tag","embeddable":true,"href":"https:\/\/the1001.fr\/index.php\/wp-json\/wp\/v2\/product_tag?post=1686"}],"curies":[{"name":"wp","href":"https:\/\/api.w.org\/{rel}","templated":true}]}}